{"id":21306,"date":"2023-02-16T14:23:00","date_gmt":"2023-02-16T14:23:00","guid":{"rendered":"https:\/\/magicsparkling.es\/?page_id=21306"},"modified":"2023-08-09T11:16:59","modified_gmt":"2023-08-09T11:16:59","slug":"home","status":"publish","type":"page","link":"https:\/\/magicsparkling.es\/fr\/","title":{"rendered":"home"},"content":{"rendered":"<section class=\"wpb-content-wrapper\"><p>[vc_row][vc_column offset=\u00a0\u00bbvc_hidden-sm vc_hidden-xs\u00a0\u00bb]<div class=\"eltdf-elements-holder eltdf-responsive-mode-768\" ><div class=\"eltdf-eh-item eltdf-horizontal-alignment-center\" data-item-class=\"eltdf-eh-custom-659775\" >\n\t<div class=\"eltdf-eh-item-inner\" >\n\t\t<div class=\"eltdf-eh-item-content eltdf-eh-custom-659775\" >\n\t\t\t[vc_raw_html]JTNDdmlkZW8lMjBjb250cm9scyUyMGF1dG9wbGF5JTIwbXV0ZWQlMjBsb29wJTIwaWQlM0QlMjJteVZpZGVvJTIyJTNFJTBBJTIwJTIwJTNDc291cmNlJTIwc3JjJTNEJTIyaHR0cHMlM0ElMkYlMkZtYWdpY3NwYXJrbGluZy5lcyUyRndwLWNvbnRlbnQlMkZ1cGxvYWRzJTJGMjAyMyUyRjA3JTJGaG9tZS1lc2NyaXRvcmlvLm1wNCUyMiUzRSUwQSUzQyUyRnZpZGVvJTNF[\/vc_raw_html][vc_empty_space]\t\t<\/div>\n\t<\/div>\n\t<\/div><\/div>[\/vc_column][\/vc_row][vc_row css=\u00a0\u00bb.vc_custom_1676641074994{margin-right: 2% !important;margin-left: 2% !important;}\u00a0\u00bb][vc_column offset=\u00a0\u00bbvc_hidden-md vc_hidden-sm vc_hidden-xs\u00a0\u00bb el_class=\u00a0\u00bbtitulos\u00a0\u00bb]<div class=\"eltdf-elements-holder eltdf-responsive-mode-768\" ><div class=\"eltdf-eh-item \" data-item-class=\"eltdf-eh-custom-252482\" >\n\t<div class=\"eltdf-eh-item-inner\" >\n\t\t<div class=\"eltdf-eh-item-content eltdf-eh-custom-252482\" >\n\t\t\t<div class=\"eltdf-section-title-holder\" style=\"text-align: left\">\n\t\t\t<h1 class=\"eltdf-st-title\" style=\"color: #cb0802\">\n\t\t\t<span>PRODUITS<\/span>\n\t\t<\/h1>\n        \t\t\t<\/div>[vc_row_inner css=\u00a0\u00bb.vc_custom_1676641047337{background-position: center !important;background-repeat: no-repeat !important;background-size: contain !important;}\u00a0\u00bb][vc_column_inner width=\u00a0\u00bb1\/6&Prime;][\/vc_column_inner][vc_column_inner width=\u00a0\u00bb3\/6&Prime;][vc_single_image image=\u00a0\u00bb21924&Prime; img_size=\u00a0\u00bbfull\u00a0\u00bb alignment=\u00a0\u00bbright\u00a0\u00bb onclick=\u00a0\u00bbcustom_link\u00a0\u00bb link=\u00a0\u00bbhttps:\/\/magicsparkling.es\/fr\/producto\/\u00a0\u00bb][\/vc_column_inner][vc_column_inner el_class=\u00a0\u00bbproducto_padre\u00a0\u00bb width=\u00a0\u00bb2\/6&Prime;][vc_empty_space height=\u00a0\u00bb200px\u00a0\u00bb][vc_column_text el_class=\u00a0\u00bbproducto\u00a0\u00bb]<\/p>\n<h3><span style=\"color: #2c2f74;\">RAFRA\u00ceCHISSEZ-VOUS ET C\u00c9L\u00c9BREZ<br \/>\n<\/span><span style=\"color: #2c2f74;\">LES MOMENTS IMPORTANTS<br \/>\n<\/span><span style=\"color: #2c2f74;\">AVEC<\/span><span style=\"color: #cb0802;\"> MAGIC SPARKLING,<br \/>\n<\/span><span style=\"color: #2c2f74;\">LA BOISSON <span style=\"color: #cb0802;\">P\u00c9TILLANTE<\/span><br \/>\n<\/span><span style=\"color: #2c2f74;\">AVEC<\/span><span style=\"color: #cb0802;\"> 0,0 % D&rsquo;ALCOOL.<\/span><\/h3>\n<h3><span style=\"color: #2c2f74;\">VOUS AVEZ LE CHOIX ENTRE <span style=\"color: #cb0802;\">13 SAVEURS !<\/span><br \/>\n<\/span><\/h3>\n<p>[\/vc_column_text][\/vc_column_inner][\/vc_row_inner]\t\t<\/div>\n\t<\/div>\n\t<\/div><\/div>[\/vc_column][\/vc_row][vc_row css=\u00a0\u00bb.vc_custom_1676548658629{margin-right: 15% !important;margin-left: 2% !important;}\u00a0\u00bb][vc_column offset=\u00a0\u00bbvc_hidden-md vc_hidden-sm vc_hidden-xs\u00a0\u00bb el_class=\u00a0\u00bbtitulos\u00a0\u00bb]<div class=\"eltdf-elements-holder eltdf-responsive-mode-768\" ><div class=\"eltdf-eh-item \" data-item-class=\"eltdf-eh-custom-515978\" >\n\t<div class=\"eltdf-eh-item-inner\" >\n\t\t<div class=\"eltdf-eh-item-content eltdf-eh-custom-515978\" >\n\t\t\t<div class=\"eltdf-section-title-holder\" style=\"text-align: left\">\n\t\t\t<h1 class=\"eltdf-st-title\" style=\"color: #cb0802\">\n\t\t\t<span>\u00c0 PROPOS DE NOUS<\/span>\n\t\t<\/h1>\n        \t\t\t<\/div>[vc_column_text css=\u00a0\u00bb.vc_custom_1684502017097{margin-right: 20% !important;}\u00a0\u00bb]Chez FOODIBEV INTERNATIONAL nous travaillons au quotidien pour vous offrir la meilleure des qualit\u00e9s avec nos produits Magic Sparkling.<\/p>\n<p>Son design, son d\u00e9veloppement et sa production sont r\u00e9alis\u00e9s en Europe, d&rsquo;o\u00f9 ils sont envoy\u00e9s dans le monde entier car Magic Sparkling est vendu dans plus de 40 pays. Le saviez-vous ?<\/p>\n<p>Pour promouvoir notre marque, nous nous chargeons d&rsquo;organiser des \u00e9v\u00e9nements, des jeux et de cr\u00e9er des articles promotionnels en plus de lui donner de la visibiliter sur nos r\u00e9seaux sociaux.<\/p>\n<p>Vous souhaitez en savoir plus sur Magic Sparkling ? Nous vous invitons \u00e0 regarder cette vid\u00e9o.[\/vc_column_text][vc_empty_space]\t\t<\/div>\n\t<\/div>\n\t<\/div><\/div>[\/vc_column][\/vc_row][vc_row][vc_column offset=\u00a0\u00bbvc_hidden-md vc_hidden-sm vc_hidden-xs\u00a0\u00bb]<div class=\"eltdf-elements-holder eltdf-responsive-mode-768\" ><div class=\"eltdf-eh-item eltdf-horizontal-alignment-center\" data-item-class=\"eltdf-eh-custom-634843\" >\n\t<div class=\"eltdf-eh-item-inner\" style=\"background-color: #ffffff\">\n\t\t<div class=\"eltdf-eh-item-content eltdf-eh-custom-634843\" >\n\t\t\t[vc_raw_html]JTNDdmlkZW8lMjBjb250cm9scyUyMGlkJTNEJTIybXlWaWRlbzIlMjIlM0UlMEElMjAlMjAlM0Nzb3VyY2UlMjBzcmMlM0QlMjJodHRwcyUzQSUyRiUyRm1hZ2ljc3BhcmtsaW5nLmVzJTJGd3AtY29udGVudCUyRnVwbG9hZHMlMkYyMDIzJTJGMDIlMkZtYWdpYy1wcm9kdWNjaW9uLXJlZHVjaWRvLm1wNCUyMiUyMHR5cGUlM0QlMjJ2aWRlbyUyRm1wNCUyMiUzRSUwQSUzQyUyRnZpZGVvJTNF[\/vc_raw_html]\t\t<\/div>\n\t<\/div>\n\t<\/div><\/div>[\/vc_column][\/vc_row][vc_row content_text_aligment=\u00a0\u00bbcenter\u00a0\u00bb][vc_column offset=\u00a0\u00bbvc_hidden-lg vc_hidden-md\u00a0\u00bb]<div class=\"eltdf-elements-holder eltdf-responsive-mode-768\" ><div class=\"eltdf-eh-item eltdf-horizontal-alignment-center\" data-item-class=\"eltdf-eh-custom-534098\" >\n\t<div class=\"eltdf-eh-item-inner\" >\n\t\t<div class=\"eltdf-eh-item-content eltdf-eh-custom-534098\" style=\"padding: 0px\">\n\t\t\t[vc_raw_html]JTNDdmlkZW8lMjBjb250cm9scyUyMGF1dG9wbGF5JTIwbXV0ZWQlMjBsb29wJTIwaWQlM0QlMjJteVZpZGVvNCUyMiUzRSUwQSUyMCUyMCUzQ3NvdXJjZSUyMHNyYyUzRCUyMmh0dHBzJTNBJTJGJTJGbWFnaWNzcGFya2xpbmcuZXMlMkZ3cC1jb250ZW50JTJGdXBsb2FkcyUyRjIwMjMlMkYwNyUyRmhvbWUtbW92aWwubXA0JTIyJTNFJTBBJTNDJTJGdmlkZW8lM0U=[\/vc_raw_html][vc_empty_space]\t\t<\/div>\n\t<\/div>\n\t<\/div><\/div>[\/vc_column][\/vc_row][vc_row css=\u00a0\u00bb.vc_custom_1676641074994{margin-right: 2% !important;margin-left: 2% !important;}\u00a0\u00bb][vc_column offset=\u00a0\u00bbvc_hidden-lg vc_hidden-sm vc_hidden-xs\u00a0\u00bb el_class=\u00a0\u00bbtitulo2&Prime;]<div class=\"eltdf-elements-holder eltdf-responsive-mode-768\" ><div class=\"eltdf-eh-item \" data-item-class=\"eltdf-eh-custom-686853\" >\n\t<div class=\"eltdf-eh-item-inner\" >\n\t\t<div class=\"eltdf-eh-item-content eltdf-eh-custom-686853\" >\n\t\t\t<div class=\"eltdf-section-title-holder\" style=\"text-align: left\">\n\t\t\t<h2 class=\"eltdf-st-title\" style=\"color: #cb0802\">\n\t\t\t<span>PRODUITS<\/span>\n\t\t<\/h2>\n        \t\t\t<\/div>[vc_row_inner css=\u00a0\u00bb.vc_custom_1676641047337{background-position: center !important;background-repeat: no-repeat !important;background-size: contain !important;}\u00a0\u00bb][vc_column_inner width=\u00a0\u00bb1\/2&Prime;][vc_single_image image=\u00a0\u00bb21924&Prime; img_size=\u00a0\u00bbfull\u00a0\u00bb alignment=\u00a0\u00bbright\u00a0\u00bb onclick=\u00a0\u00bbcustom_link\u00a0\u00bb link=\u00a0\u00bbhttps:\/\/magicsparkling.es\/fr\/producto\/\u00a0\u00bb][\/vc_column_inner][vc_column_inner el_class=\u00a0\u00bbproducto_padre\u00a0\u00bb width=\u00a0\u00bb1\/2&Prime;][vc_empty_space height=\u00a0\u00bb25px\u00a0\u00bb][vc_column_text el_class=\u00a0\u00bbproducto\u00a0\u00bb]<\/p>\n<h3><span style=\"color: #2c2f74;\">RAFRA\u00ceCHISSEZ-VOUS ET C\u00c9L\u00c9BREZ<br \/>\n<\/span><span style=\"color: #2c2f74;\">LES MOMENTS IMPORTANTS<br \/>\n<\/span><span style=\"color: #2c2f74;\">AVEC<\/span><span style=\"color: #cb0802;\"> MAGIC SPARKLING,<br \/>\n<\/span><span style=\"color: #2c2f74;\">LA BOISSON <span style=\"color: #cb0802;\">P\u00c9TILLANTE<\/span><br \/>\n<\/span><span style=\"color: #2c2f74;\">AVEC<\/span><span style=\"color: #cb0802;\"> 0,0 % D&rsquo;ALCOOL.<\/span><\/h3>\n<h3><span style=\"color: #2c2f74;\">VOUS AVEZ LE CHOIX ENTRE <span style=\"color: #cb0802;\">13 SAVEURS !<\/span><br \/>\n<\/span><\/h3>\n<p>[\/vc_column_text][\/vc_column_inner][\/vc_row_inner]\t\t<\/div>\n\t<\/div>\n\t<\/div><\/div>[\/vc_column][\/vc_row][vc_row css=\u00a0\u00bb.vc_custom_1676641074994{margin-right: 2% !important;margin-left: 2% !important;}\u00a0\u00bb][vc_column offset=\u00a0\u00bbvc_hidden-lg vc_hidden-md vc_hidden-xs\u00a0\u00bb el_class=\u00a0\u00bbtitulo2&Prime;]<div class=\"eltdf-elements-holder eltdf-responsive-mode-768\" ><div class=\"eltdf-eh-item \" data-item-class=\"eltdf-eh-custom-871545\" >\n\t<div class=\"eltdf-eh-item-inner\" >\n\t\t<div class=\"eltdf-eh-item-content eltdf-eh-custom-871545\" >\n\t\t\t<div class=\"eltdf-section-title-holder\" style=\"text-align: left\">\n\t\t\t<h2 class=\"eltdf-st-title\" style=\"color: #cb0802\">\n\t\t\t<span>PRODUITS<\/span>\n\t\t<\/h2>\n        \t\t\t<\/div>[vc_row_inner css=\u00a0\u00bb.vc_custom_1676641047337{background-position: center !important;background-repeat: no-repeat !important;background-size: contain !important;}\u00a0\u00bb][vc_column_inner width=\u00a0\u00bb1\/2&Prime;][vc_single_image image=\u00a0\u00bb21924&Prime; img_size=\u00a0\u00bbfull\u00a0\u00bb alignment=\u00a0\u00bbright\u00a0\u00bb onclick=\u00a0\u00bbcustom_link\u00a0\u00bb link=\u00a0\u00bbhttps:\/\/magicsparkling.es\/fr\/producto\/\u00a0\u00bb][\/vc_column_inner][vc_column_inner el_class=\u00a0\u00bbproducto_padre\u00a0\u00bb width=\u00a0\u00bb1\/2&Prime;][vc_empty_space height=\u00a0\u00bb25px\u00a0\u00bb][vc_column_text el_class=\u00a0\u00bbproducto\u00a0\u00bb]<\/p>\n<h4><span style=\"color: #2c2f74;\">RAFRA\u00ceCHISSEZ-VOUS ET C\u00c9L\u00c9BREZ<br \/>\n<\/span><span style=\"color: #2c2f74;\">LES MOMENTS IMPORTANTS<br \/>\n<\/span><span style=\"color: #2c2f74;\">AVEC<\/span><span style=\"color: #cb0802;\"> MAGIC SPARKLING,<br \/>\n<\/span><span style=\"color: #2c2f74;\">LA BOISSON <span style=\"color: #cb0802;\">P\u00c9TILLANTE<\/span><br \/>\n<\/span><span style=\"color: #2c2f74;\">AVEC<\/span><span style=\"color: #cb0802;\"> 0,0 % D&rsquo;ALCOOL.<\/span><\/h4>\n<h4><span style=\"color: #2c2f74;\">VOUS AVEZ LE CHOIX ENTRE <span style=\"color: #cb0802;\">13 SAVEURS !<\/span><br \/>\n<\/span><\/h4>\n<p>[\/vc_column_text][\/vc_column_inner][\/vc_row_inner]\t\t<\/div>\n\t<\/div>\n\t<\/div><\/div>[\/vc_column][\/vc_row][vc_row css=\u00a0\u00bb.vc_custom_1676641074994{margin-right: 2% !important;margin-left: 2% !important;}\u00a0\u00bb][vc_column offset=\u00a0\u00bbvc_hidden-lg vc_hidden-md vc_hidden-sm\u00a0\u00bb el_class=\u00a0\u00bbtitulo2&Prime;]<div class=\"eltdf-elements-holder eltdf-responsive-mode-768\" ><div class=\"eltdf-eh-item \" data-item-class=\"eltdf-eh-custom-167945\" >\n\t<div class=\"eltdf-eh-item-inner\" >\n\t\t<div class=\"eltdf-eh-item-content eltdf-eh-custom-167945\" >\n\t\t\t<div class=\"eltdf-section-title-holder\" style=\"text-align: left\">\n\t\t\t<h2 class=\"eltdf-st-title\" style=\"color: #cb0802\">\n\t\t\t<span>PRODUITS<\/span>\n\t\t<\/h2>\n        \t\t\t<\/div>[vc_row_inner css=\u00a0\u00bb.vc_custom_1676641047337{background-position: center !important;background-repeat: no-repeat !important;background-size: contain !important;}\u00a0\u00bb][vc_column_inner][vc_single_image image=\u00a0\u00bb21927&Prime; img_size=\u00a0\u00bbfull\u00a0\u00bb alignment=\u00a0\u00bbright\u00a0\u00bb onclick=\u00a0\u00bbcustom_link\u00a0\u00bb link=\u00a0\u00bbhttps:\/\/magicsparkling.es\/fr\/producto\/\u00a0\u00bb][vc_column_text el_class=\u00a0\u00bbproducto\u00a0\u00bb]<\/p>\n<h4><span style=\"color: #2c2f74;\">RAFRA\u00ceCHISSEZ-VOUS ET C\u00c9L\u00c9BREZ<br \/>\n<\/span><span style=\"color: #2c2f74;\">LES MOMENTS IMPORTANTS<br \/>\n<\/span><span style=\"color: #2c2f74;\">AVEC<\/span><span style=\"color: #cb0802;\"> MAGIC SPARKLING,<br \/>\n<\/span><span style=\"color: #2c2f74;\">LA BOISSON <span style=\"color: #cb0802;\">P\u00c9TILLANTE<\/span><br \/>\n<\/span><span style=\"color: #2c2f74;\">AVEC<\/span><span style=\"color: #cb0802;\"> 0,0 % D&rsquo;ALCOOL.<\/span><\/h4>\n<h4><span style=\"color: #2c2f74;\">VOUS AVEZ LE CHOIX ENTRE <span style=\"color: #cb0802;\">13 SAVEURS !<\/span><br \/>\n<\/span><\/h4>\n<p>[\/vc_column_text][\/vc_column_inner][\/vc_row_inner]\t\t<\/div>\n\t<\/div>\n\t<\/div><\/div>[\/vc_column][\/vc_row][vc_row css=\u00a0\u00bb.vc_custom_1676551018721{margin-right: 2% !important;margin-left: 2% !important;}\u00a0\u00bb][vc_column offset=\u00a0\u00bbvc_hidden-lg\u00a0\u00bb el_class=\u00a0\u00bbtitulo2&Prime;][vc_empty_space height=\u00a0\u00bb25px\u00a0\u00bb]<div class=\"eltdf-elements-holder eltdf-responsive-mode-768\" ><div class=\"eltdf-eh-item \" data-item-class=\"eltdf-eh-custom-357081\" >\n\t<div class=\"eltdf-eh-item-inner\" >\n\t\t<div class=\"eltdf-eh-item-content eltdf-eh-custom-357081\" >\n\t\t\t<div class=\"eltdf-section-title-holder\" style=\"text-align: left\">\n\t\t\t<h2 class=\"eltdf-st-title\" style=\"color: #cb0802\">\n\t\t\t<span>\u00c0 PROPOS DE NOUS<\/span>\n\t\t<\/h2>\n        \t\t\t<\/div>[vc_column_text]Chez FOODIBEV INTERNATIONAL nous travaillons au quotidien pour vous offrir la meilleure des qualit\u00e9s avec nos produits Magic Sparkling.<\/p>\n<p>Son design, son d\u00e9veloppement et sa production sont r\u00e9alis\u00e9s en Europe, d&rsquo;o\u00f9 ils sont envoy\u00e9s dans le monde entier car Magic Sparkling est vendu dans plus de 40 pays. Le saviez-vous ?<\/p>\n<p>Pour promouvoir notre marque, nous nous chargeons d&rsquo;organiser des \u00e9v\u00e9nements, des jeux et de cr\u00e9er des articles promotionnels en plus de lui donner de la visibiliter sur nos r\u00e9seaux sociaux.<\/p>\n<p>Vous souhaitez en savoir plus sur Magic Sparkling ? Nous vous invitons \u00e0 regarder cette vid\u00e9o.[\/vc_column_text][vc_empty_space]\t\t<\/div>\n\t<\/div>\n\t<\/div><\/div><div class=\"eltdf-elements-holder eltdf-responsive-mode-768\" ><div class=\"eltdf-eh-item eltdf-horizontal-alignment-center\" data-item-class=\"eltdf-eh-custom-104534\" >\n\t<div class=\"eltdf-eh-item-inner\" >\n\t\t<div class=\"eltdf-eh-item-content eltdf-eh-custom-104534\" >\n\t\t\t[vc_raw_html]JTNDdmlkZW8lMjBjb250cm9scyUyMGlkJTNEJTIybXlWaWRlbzMlMjIlM0UlMEElMjAlMjAlM0Nzb3VyY2UlMjBzcmMlM0QlMjJodHRwcyUzQSUyRiUyRm1hZ2ljc3BhcmtsaW5nLmVzJTJGd3AtY29udGVudCUyRnVwbG9hZHMlMkYyMDIzJTJGMDIlMkZtYWdpYy1wcm9kdWNjaW9uLXJlZHVjaWRvLm1wNCUyMiUyMHR5cGUlM0QlMjJ2aWRlbyUyRm1wNCUyMiUzRSUwQSUzQyUyRnZpZGVvJTNF[\/vc_raw_html]\t\t<\/div>\n\t<\/div>\n\t<\/div><\/div>[\/vc_column][\/vc_row]<\/p>\n<\/section>","protected":false},"excerpt":{"rendered":"<p>[vc_row][vc_column offset=\u00a0\u00bbvc_hidden-sm vc_hidden-xs\u00a0\u00bb][\/vc_column][\/vc_row][vc_row css=\u00a0\u00bb.vc_custom_1676641074994{margin-right: 2% !important;margin-left: 2% !important;}\u00a0\u00bb][vc_column offset=\u00a0\u00bbvc_hidden-md vc_hidden-sm vc_hidden-xs\u00a0\u00bb el_class=\u00a0\u00bbtitulos\u00a0\u00bb][\/vc_column][\/vc_row][vc_row css=\u00a0\u00bb.vc_custom_1676548658629{margin-right: 15% !important;margin-left: 2% !important;}\u00a0\u00bb][vc_column offset=\u00a0\u00bbvc_hidden-md vc_hidden-sm vc_hidden-xs\u00a0\u00bb el_class=\u00a0\u00bbtitulos\u00a0\u00bb][\/vc_column][\/vc_row][vc_row][vc_column offset=\u00a0\u00bbvc_hidden-md vc_hidden-sm vc_hidden-xs\u00a0\u00bb][\/vc_column][\/vc_row][vc_row content_text_aligment=\u00a0\u00bbcenter\u00a0\u00bb][vc_column offset=\u00a0\u00bbvc_hidden-lg vc_hidden-md\u00a0\u00bb][\/vc_column][\/vc_row][vc_row css=\u00a0\u00bb.vc_custom_1676641074994{margin-right: 2% !important;margin-left: 2% !important;}\u00a0\u00bb][vc_column offset=\u00a0\u00bbvc_hidden-lg vc_hidden-sm vc_hidden-xs\u00a0\u00bb el_class=\u00a0\u00bbtitulo2&Prime;][\/vc_column][\/vc_row][vc_row css=\u00a0\u00bb.vc_custom_1676641074994{margin-right: 2% !important;margin-left: 2% !important;}\u00a0\u00bb][vc_column offset=\u00a0\u00bbvc_hidden-lg vc_hidden-md vc_hidden-xs\u00a0\u00bb el_class=\u00a0\u00bbtitulo2&Prime;][\/vc_column][\/vc_row][vc_row [&hellip;]<\/p>\n","protected":false},"author":1,"featured_media":0,"parent":0,"menu_order":0,"comment_status":"closed","ping_status":"closed","template":"full-width.php","meta":{"footnotes":""},"class_list":["post-21306","page","type-page","status-publish","hentry"],"_links":{"self":[{"href":"https:\/\/magicsparkling.es\/fr\/wp-json\/wp\/v2\/pages\/21306","targetHints":{"allow":["GET"]}}],"collection":[{"href":"https:\/\/magicsparkling.es\/fr\/wp-json\/wp\/v2\/pages"}],"about":[{"href":"https:\/\/magicsparkling.es\/fr\/wp-json\/wp\/v2\/types\/page"}],"author":[{"embeddable":true,"href":"https:\/\/magicsparkling.es\/fr\/wp-json\/wp\/v2\/users\/1"}],"replies":[{"embeddable":true,"href":"https:\/\/magicsparkling.es\/fr\/wp-json\/wp\/v2\/comments?post=21306"}],"version-history":[{"count":109,"href":"https:\/\/magicsparkling.es\/fr\/wp-json\/wp\/v2\/pages\/21306\/revisions"}],"predecessor-version":[{"id":21929,"href":"https:\/\/magicsparkling.es\/fr\/wp-json\/wp\/v2\/pages\/21306\/revisions\/21929"}],"wp:attachment":[{"href":"https:\/\/magicsparkling.es\/fr\/wp-json\/wp\/v2\/media?parent=21306"}],"curies":[{"name":"wp","href":"https:\/\/api.w.org\/{rel}","templated":true}]}}