{"id":21395,"date":"2023-02-20T13:07:49","date_gmt":"2023-02-20T13:07:49","guid":{"rendered":"https:\/\/magicsparkling.es\/?page_id=21395"},"modified":"2023-02-20T13:44:12","modified_gmt":"2023-02-20T13:44:12","slug":"contacto","status":"publish","type":"page","link":"https:\/\/magicsparkling.es\/fr\/contacto\/","title":{"rendered":"CONTACT"},"content":{"rendered":"<section class=\"wpb-content-wrapper\"><p>[vc_row css=\u00a0\u00bb.vc_custom_1627050720602{margin-right: 15% !important;margin-left: 15% !important;}\u00a0\u00bb][vc_column width=\u00a0\u00bb1\/2&Prime; offset=\u00a0\u00bbvc_hidden-sm vc_hidden-xs\u00a0\u00bb]<div class=\"eltdf-elements-holder eltdf-responsive-mode-768\" ><div class=\"eltdf-eh-item \" data-item-class=\"eltdf-eh-custom-600960\" >\n\t<div class=\"eltdf-eh-item-inner\" >\n\t\t<div class=\"eltdf-eh-item-content eltdf-eh-custom-600960\" >\n\t\t\t[vc_empty_space height=\u00a0\u00bb100px\u00a0\u00bb][vc_column_text]<\/p>\n<p style=\"text-align: center;\">Avez-vous des questions ou des commentaires \u00e0 faire?<br \/>\nVous souhaitez distribuer Magic Sparkling dans votre pays ?<br \/>\nContactez-nous et nous serons ravis de vous aider.<\/p>\n<p>[\/vc_column_text][vc_single_image image=\u00a0\u00bb21407&Prime; img_size=\u00a0\u00bbfull\u00a0\u00bb]\t\t<\/div>\n\t<\/div>\n\t<\/div><\/div>[\/vc_column][vc_column width=\u00a0\u00bb1\/2&Prime; offset=\u00a0\u00bbvc_hidden-sm vc_hidden-xs\u00a0\u00bb]<div class=\"eltdf-elements-holder eltdf-responsive-mode-768\" ><div class=\"eltdf-eh-item \" data-item-class=\"eltdf-eh-custom-904113\" >\n\t<div class=\"eltdf-eh-item-inner\" >\n\t\t<div class=\"eltdf-eh-item-content eltdf-eh-custom-904113\" >\n\t\t\t[vc_empty_space height=\u00a0\u00bb100px\u00a0\u00bb]\n<div class=\"wpcf7 no-js\" id=\"wpcf7-f11943-o1\" lang=\"es-ES\" dir=\"ltr\">\n<div class=\"screen-reader-response\"><p role=\"status\" aria-live=\"polite\" aria-atomic=\"true\"><\/p> <ul><\/ul><\/div>\n<form action=\"\/fr\/wp-json\/wp\/v2\/pages\/21395#wpcf7-f11943-o1\" method=\"post\" class=\"wpcf7-form init cf7_custom_style_2\" aria-label=\"Formulario de contacto\" novalidate=\"novalidate\" data-status=\"init\">\n<div style=\"display: none;\">\n<input type=\"hidden\" name=\"_wpcf7\" value=\"11943\" \/>\n<input type=\"hidden\" name=\"_wpcf7_version\" value=\"5.8\" \/>\n<input type=\"hidden\" name=\"_wpcf7_locale\" value=\"es_ES\" \/>\n<input type=\"hidden\" name=\"_wpcf7_unit_tag\" value=\"wpcf7-f11943-o1\" \/>\n<input type=\"hidden\" name=\"_wpcf7_container_post\" value=\"0\" \/>\n<input type=\"hidden\" name=\"_wpcf7_posted_data_hash\" value=\"\" \/>\n<\/div>\n<p><label>Ton pr\u00e9nom et ton nom (obligatoire)<br \/>\n<span class=\"wpcf7-form-control-wrap\" data-name=\"your-name\"><input size=\"40\" class=\"wpcf7-form-control wpcf7-text wpcf7-validates-as-required\" aria-required=\"true\" aria-invalid=\"false\" value=\"\" type=\"text\" name=\"your-name\" \/><\/span> <\/label>\n<\/p>\n<p><label>Ton adresse email (obligatoire)<br \/>\n<span class=\"wpcf7-form-control-wrap\" data-name=\"your-email\"><input size=\"40\" class=\"wpcf7-form-control wpcf7-email wpcf7-validates-as-required wpcf7-text wpcf7-validates-as-email\" aria-required=\"true\" aria-invalid=\"false\" value=\"\" type=\"email\" name=\"your-email\" \/><\/span> <\/label>\n<\/p>\n<p><label>Ton entreprise<br \/>\n<span class=\"wpcf7-form-control-wrap\" data-name=\"your-company\"><input size=\"40\" class=\"wpcf7-form-control wpcf7-text\" aria-invalid=\"false\" value=\"\" type=\"text\" name=\"your-company\" \/><\/span> <\/label>\n<\/p>\n<p><label>Pays<br \/>\n<span class=\"wpcf7-form-control-wrap\" data-name=\"your-country\"><input size=\"40\" class=\"wpcf7-form-control wpcf7-text\" aria-invalid=\"false\" value=\"\" type=\"text\" name=\"your-country\" \/><\/span> <\/label>\n<\/p>\n<p><label>T\u00e9l\u00e9phone<br \/>\n<span class=\"wpcf7-form-control-wrap\" data-name=\"PhoneNumber\"><input size=\"40\" class=\"wpcf7-form-control wpcf7-tel wpcf7-text wpcf7-validates-as-tel\" aria-invalid=\"false\" value=\"\" type=\"tel\" name=\"PhoneNumber\" \/><\/span> <\/label>\n<\/p>\n<p><label>Objet<br \/>\n<span class=\"wpcf7-form-control-wrap\" data-name=\"your-subject\"><input size=\"40\" class=\"wpcf7-form-control wpcf7-text\" aria-invalid=\"false\" value=\"\" type=\"text\" name=\"your-subject\" \/><\/span> <\/label>\n<\/p>\n<p><label>Ton message (obligatoire)<br \/>\n<span class=\"wpcf7-form-control-wrap\" data-name=\"your-message\"><textarea cols=\"40\" rows=\"10\" class=\"wpcf7-form-control wpcf7-textarea\" aria-invalid=\"false\" name=\"your-message\"><\/textarea><\/span> <\/label><br \/>\n<label><br \/>\nInformations de base sur la protection des donn\u00e9es<br \/>\nResponsable : FOODIBEV INTERNATIONAL, S.L.<br \/>\nObjectif : g\u00e9rer votre demande d'information ou de consultation.<br \/>\nDroits : Acc\u00e9der, rectifier et supprimer les donn\u00e9es, ainsi que d'autres droits, comme expliqu\u00e9 dans les informations suppl\u00e9mentaires que vous pouvez consulter dans la politique de confidentialit\u00e9 du site web www.foodibev.com.<\/label><br \/>\n<label>J'ai lu <a href=\"https:\/\/magicsparkling.es\/privacy\/\" id=\"politica-link\">la politique de confidentialit\u00e9<\/a> et je consens au traitement de mes donn\u00e9es personnelles.<span class=\"wpcf7-form-control-wrap\" data-name=\"acceptance-860\"><span class=\"wpcf7-form-control wpcf7-acceptance\"><span class=\"wpcf7-list-item\"><input type=\"checkbox\" name=\"acceptance-860\" value=\"1\" aria-invalid=\"false\" \/><\/span><\/span><\/span><\/label><br \/>\n<input class=\"wpcf7-form-control wpcf7-submit has-spinner\" type=\"submit\" value=\"Envoyer\" \/>\n<\/p><p style=\"display: none !important;\"><label>&#916;<textarea name=\"_wpcf7_ak_hp_textarea\" cols=\"45\" rows=\"8\" maxlength=\"100\"><\/textarea><\/label><input type=\"hidden\" id=\"ak_js_1\" name=\"_wpcf7_ak_js\" value=\"193\"\/><script>document.getElementById( \"ak_js_1\" ).setAttribute( \"value\", ( new Date() ).getTime() );<\/script><\/p><div class=\"wpcf7-response-output\" aria-hidden=\"true\"><\/div>\n<\/form>\n<\/div>\n[vc_empty_space height=\u00a0\u00bb100px\u00a0\u00bb]\t\t<\/div>\n\t<\/div>\n\t<\/div><\/div>[\/vc_column][\/vc_row][vc_row css=\u00a0\u00bb.vc_custom_1627050720602{margin-right: 15% !important;margin-left: 15% !important;}\u00a0\u00bb][vc_column offset=\u00a0\u00bbvc_hidden-lg vc_hidden-md\u00a0\u00bb]<div class=\"eltdf-elements-holder eltdf-responsive-mode-768\" ><div class=\"eltdf-eh-item \" data-item-class=\"eltdf-eh-custom-195534\" >\n\t<div class=\"eltdf-eh-item-inner\" >\n\t\t<div class=\"eltdf-eh-item-content eltdf-eh-custom-195534\" >\n\t\t\t[vc_column_text]<\/p>\n<p style=\"text-align: center;\">Avez-vous des questions ou des commentaires \u00e0 faire?<br \/>\nVous souhaitez distribuer Magic Sparkling dans votre pays ?<br \/>\nContactez-nous et nous serons ravis de vous aider.<\/p>\n<p>[\/vc_column_text][vc_single_image image=\u00a0\u00bb21407&Prime; img_size=\u00a0\u00bbfull\u00a0\u00bb]\n<div class=\"wpcf7 no-js\" id=\"wpcf7-f11943-o2\" lang=\"es-ES\" dir=\"ltr\">\n<div class=\"screen-reader-response\"><p role=\"status\" aria-live=\"polite\" aria-atomic=\"true\"><\/p> <ul><\/ul><\/div>\n<form action=\"\/fr\/wp-json\/wp\/v2\/pages\/21395#wpcf7-f11943-o2\" method=\"post\" class=\"wpcf7-form init cf7_custom_style_2\" aria-label=\"Formulario de contacto\" novalidate=\"novalidate\" data-status=\"init\">\n<div style=\"display: none;\">\n<input type=\"hidden\" name=\"_wpcf7\" value=\"11943\" \/>\n<input type=\"hidden\" name=\"_wpcf7_version\" value=\"5.8\" \/>\n<input type=\"hidden\" name=\"_wpcf7_locale\" value=\"es_ES\" \/>\n<input type=\"hidden\" name=\"_wpcf7_unit_tag\" value=\"wpcf7-f11943-o2\" \/>\n<input type=\"hidden\" name=\"_wpcf7_container_post\" value=\"0\" \/>\n<input type=\"hidden\" name=\"_wpcf7_posted_data_hash\" value=\"\" \/>\n<\/div>\n<p><label>Ton pr\u00e9nom et ton nom (obligatoire)<br \/>\n<span class=\"wpcf7-form-control-wrap\" data-name=\"your-name\"><input size=\"40\" class=\"wpcf7-form-control wpcf7-text wpcf7-validates-as-required\" aria-required=\"true\" aria-invalid=\"false\" value=\"\" type=\"text\" name=\"your-name\" \/><\/span> <\/label>\n<\/p>\n<p><label>Ton adresse email (obligatoire)<br \/>\n<span class=\"wpcf7-form-control-wrap\" data-name=\"your-email\"><input size=\"40\" class=\"wpcf7-form-control wpcf7-email wpcf7-validates-as-required wpcf7-text wpcf7-validates-as-email\" aria-required=\"true\" aria-invalid=\"false\" value=\"\" type=\"email\" name=\"your-email\" \/><\/span> <\/label>\n<\/p>\n<p><label>Ton entreprise<br \/>\n<span class=\"wpcf7-form-control-wrap\" data-name=\"your-company\"><input size=\"40\" class=\"wpcf7-form-control wpcf7-text\" aria-invalid=\"false\" value=\"\" type=\"text\" name=\"your-company\" \/><\/span> <\/label>\n<\/p>\n<p><label>Pays<br \/>\n<span class=\"wpcf7-form-control-wrap\" data-name=\"your-country\"><input size=\"40\" class=\"wpcf7-form-control wpcf7-text\" aria-invalid=\"false\" value=\"\" type=\"text\" name=\"your-country\" \/><\/span> <\/label>\n<\/p>\n<p><label>T\u00e9l\u00e9phone<br \/>\n<span class=\"wpcf7-form-control-wrap\" data-name=\"PhoneNumber\"><input size=\"40\" class=\"wpcf7-form-control wpcf7-tel wpcf7-text wpcf7-validates-as-tel\" aria-invalid=\"false\" value=\"\" type=\"tel\" name=\"PhoneNumber\" \/><\/span> <\/label>\n<\/p>\n<p><label>Objet<br \/>\n<span class=\"wpcf7-form-control-wrap\" data-name=\"your-subject\"><input size=\"40\" class=\"wpcf7-form-control wpcf7-text\" aria-invalid=\"false\" value=\"\" type=\"text\" name=\"your-subject\" \/><\/span> <\/label>\n<\/p>\n<p><label>Ton message (obligatoire)<br \/>\n<span class=\"wpcf7-form-control-wrap\" data-name=\"your-message\"><textarea cols=\"40\" rows=\"10\" class=\"wpcf7-form-control wpcf7-textarea\" aria-invalid=\"false\" name=\"your-message\"><\/textarea><\/span> <\/label><br \/>\n<label><br \/>\nInformations de base sur la protection des donn\u00e9es<br \/>\nResponsable : FOODIBEV INTERNATIONAL, S.L.<br \/>\nObjectif : g\u00e9rer votre demande d'information ou de consultation.<br \/>\nDroits : Acc\u00e9der, rectifier et supprimer les donn\u00e9es, ainsi que d'autres droits, comme expliqu\u00e9 dans les informations suppl\u00e9mentaires que vous pouvez consulter dans la politique de confidentialit\u00e9 du site web www.foodibev.com.<\/label><br \/>\n<label>J'ai lu <a href=\"https:\/\/magicsparkling.es\/privacy\/\" id=\"politica-link\">la politique de confidentialit\u00e9<\/a> et je consens au traitement de mes donn\u00e9es personnelles.<span class=\"wpcf7-form-control-wrap\" data-name=\"acceptance-860\"><span class=\"wpcf7-form-control wpcf7-acceptance\"><span class=\"wpcf7-list-item\"><input type=\"checkbox\" name=\"acceptance-860\" value=\"1\" aria-invalid=\"false\" \/><\/span><\/span><\/span><\/label><br \/>\n<input class=\"wpcf7-form-control wpcf7-submit has-spinner\" type=\"submit\" value=\"Envoyer\" \/>\n<\/p><p style=\"display: none !important;\"><label>&#916;<textarea name=\"_wpcf7_ak_hp_textarea\" cols=\"45\" rows=\"8\" maxlength=\"100\"><\/textarea><\/label><input type=\"hidden\" id=\"ak_js_2\" name=\"_wpcf7_ak_js\" value=\"225\"\/><script>document.getElementById( \"ak_js_2\" ).setAttribute( \"value\", ( new Date() ).getTime() );<\/script><\/p><div class=\"wpcf7-response-output\" aria-hidden=\"true\"><\/div>\n<\/form>\n<\/div>\n[vc_empty_space height=\u00a0\u00bb100px\u00a0\u00bb]\t\t<\/div>\n\t<\/div>\n\t<\/div><\/div>[\/vc_column][\/vc_row]<\/p>\n<\/section>","protected":false},"excerpt":{"rendered":"<p>[vc_row css=\u00a0\u00bb.vc_custom_1627050720602{margin-right: 15% !important;margin-left: 15% !important;}\u00a0\u00bb][vc_column width=\u00a0\u00bb1\/2&Prime; offset=\u00a0\u00bbvc_hidden-sm vc_hidden-xs\u00a0\u00bb][\/vc_column][vc_column width=\u00a0\u00bb1\/2&Prime; offset=\u00a0\u00bbvc_hidden-sm vc_hidden-xs\u00a0\u00bb][\/vc_column][\/vc_row][vc_row css=\u00a0\u00bb.vc_custom_1627050720602{margin-right: 15% !important;margin-left: 15% !important;}\u00a0\u00bb][vc_column offset=\u00a0\u00bbvc_hidden-lg vc_hidden-md\u00a0\u00bb][\/vc_column][\/vc_row]<\/p>\n","protected":false},"author":1,"featured_media":0,"parent":0,"menu_order":0,"comment_status":"closed","ping_status":"closed","template":"full-width.php","meta":{"footnotes":""},"class_list":["post-21395","page","type-page","status-publish","hentry"],"_links":{"self":[{"href":"https:\/\/magicsparkling.es\/fr\/wp-json\/wp\/v2\/pages\/21395","targetHints":{"allow":["GET"]}}],"collection":[{"href":"https:\/\/magicsparkling.es\/fr\/wp-json\/wp\/v2\/pages"}],"about":[{"href":"https:\/\/magicsparkling.es\/fr\/wp-json\/wp\/v2\/types\/page"}],"author":[{"embeddable":true,"href":"https:\/\/magicsparkling.es\/fr\/wp-json\/wp\/v2\/users\/1"}],"replies":[{"embeddable":true,"href":"https:\/\/magicsparkling.es\/fr\/wp-json\/wp\/v2\/comments?post=21395"}],"version-history":[{"count":9,"href":"https:\/\/magicsparkling.es\/fr\/wp-json\/wp\/v2\/pages\/21395\/revisions"}],"predecessor-version":[{"id":21409,"href":"https:\/\/magicsparkling.es\/fr\/wp-json\/wp\/v2\/pages\/21395\/revisions\/21409"}],"wp:attachment":[{"href":"https:\/\/magicsparkling.es\/fr\/wp-json\/wp\/v2\/media?parent=21395"}],"curies":[{"name":"wp","href":"https:\/\/api.w.org\/{rel}","templated":true}]}}