{"id":21410,"date":"2023-02-20T13:49:15","date_gmt":"2023-02-20T13:49:15","guid":{"rendered":"https:\/\/magicsparkling.es\/?page_id=21410"},"modified":"2023-08-09T11:54:41","modified_gmt":"2023-08-09T11:54:41","slug":"producto","status":"publish","type":"page","link":"https:\/\/magicsparkling.es\/fr\/producto\/","title":{"rendered":"Produits"},"content":{"rendered":"<section class=\"wpb-content-wrapper\"><p>[vc_row][vc_column offset=\u00a0\u00bbvc_hidden-md vc_hidden-sm vc_hidden-xs\u00a0\u00bb]<div class=\"eltdf-elements-holder eltdf-responsive-mode-768\" ><div class=\"eltdf-eh-item \" data-item-class=\"eltdf-eh-custom-209176\" >\n\t<div class=\"eltdf-eh-item-inner\" >\n\t\t<div class=\"eltdf-eh-item-content eltdf-eh-custom-209176\" >\n\t\t\t[vc_empty_space height=\u00a0\u00bb100px\u00a0\u00bb]\t\t<\/div>\n\t<\/div>\n\t<\/div><\/div>[\/vc_column][\/vc_row][vc_row][vc_column offset=\u00a0\u00bbvc_hidden-lg\u00a0\u00bb]<div class=\"eltdf-elements-holder eltdf-responsive-mode-768\" ><div class=\"eltdf-eh-item \" data-item-class=\"eltdf-eh-custom-318343\" >\n\t<div class=\"eltdf-eh-item-inner\" >\n\t\t<div class=\"eltdf-eh-item-content eltdf-eh-custom-318343\" >\n\t\t\t[vc_empty_space height=\u00a0\u00bb50px\u00a0\u00bb]\t\t<\/div>\n\t<\/div>\n\t<\/div><\/div>[\/vc_column][\/vc_row][vc_row][vc_column width=\u00a0\u00bb1\/4&Prime; el_class=\u00a0\u00bbtitulos\u00a0\u00bb offset=\u00a0\u00bbvc_hidden-md vc_hidden-sm vc_hidden-xs\u00a0\u00bb css=\u00a0\u00bb.vc_custom_1682596069853{margin-left: 22% !important;}\u00a0\u00bb]<div class=\"eltdf-elements-holder eltdf-responsive-mode-768 eltdf-one-column-alignment-left\" ><div class=\"eltdf-eh-item eltdf-vertical-alignment-top\" data-item-class=\"eltdf-eh-custom-924775\" >\n\t<div class=\"eltdf-eh-item-inner\" >\n\t\t<div class=\"eltdf-eh-item-content eltdf-eh-custom-924775\" >\n\t\t\t<div class=\"eltdf-section-title-holder\" style=\"text-align: left\">\n\t\t\t<h1 class=\"eltdf-st-title\" style=\"color: #2c2f74\">\n\t\t\t<span>FRUITS<\/span>\n\t\t<\/h1>\n        \t\t\t<\/div>\t\t<\/div>\n\t<\/div>\n\t<\/div><\/div>[\/vc_column][vc_column width=\u00a0\u00bb3\/4&Prime; css=\u00a0\u00bb.vc_custom_1682596078002{margin-right: 2% !important;}\u00a0\u00bb el_class=\u00a0\u00bbtitulos\u00a0\u00bb offset=\u00a0\u00bbvc_hidden-md vc_hidden-sm vc_hidden-xs\u00a0\u00bb]<div class=\"eltdf-elements-holder eltdf-responsive-mode-768 eltdf-one-column-alignment-left\" ><div class=\"eltdf-eh-item eltdf-vertical-alignment-top\" data-item-class=\"eltdf-eh-custom-301146\" >\n\t<div class=\"eltdf-eh-item-inner\" >\n\t\t<div class=\"eltdf-eh-item-content eltdf-eh-custom-301146\" >\n\t\t\t[vc_column_text]La saveur d&rsquo;un fruit avec 8 versions gourmandes et p\u00e9tillantes diff\u00e9rentes: pomme, raisin blanc, p\u00eache, ananas-coco, multifruit, fraise, oseille et raisin noir.<\/p>\n<p>D\u00e9couvrez-en davantage en cliquant sur les bouteilles.[\/vc_column_text]\t\t<\/div>\n\t<\/div>\n\t<\/div><\/div>[\/vc_column][\/vc_row][vc_row][vc_column offset=\u00a0\u00bbvc_hidden-md vc_hidden-sm vc_hidden-xs\u00a0\u00bb]<div class=\"eltdf-elements-holder eltdf-responsive-mode-768 eltdf-one-column-alignment-center\" ><div class=\"eltdf-eh-item eltdf-horizontal-alignment-center\" data-item-class=\"eltdf-eh-custom-324538\" >\n\t<div class=\"eltdf-eh-item-inner\" >\n\t\t<div class=\"eltdf-eh-item-content eltdf-eh-custom-324538\" >\n\t\t\t[vc_single_image image=\u00a0\u00bb21909&Prime; img_size=\u00a0\u00bbfull\u00a0\u00bb onclick=\u00a0\u00bbcustom_link\u00a0\u00bb link=\u00a0\u00bbhttps:\/\/magicsparkling.es\/frutas\/\u00a0\u00bb]\t\t<\/div>\n\t<\/div>\n\t<\/div><\/div>[\/vc_column][\/vc_row][vc_row][vc_column offset=\u00a0\u00bbvc_hidden-md vc_hidden-sm vc_hidden-xs\u00a0\u00bb][vc_empty_space height=\u00a0\u00bb50px\u00a0\u00bb][\/vc_column][\/vc_row][vc_row][vc_column width=\u00a0\u00bb2\/3&Prime; offset=\u00a0\u00bbvc_hidden-md vc_hidden-sm vc_hidden-xs\u00a0\u00bb]<div class=\"eltdf-elements-holder eltdf-responsive-mode-768 eltdf-one-column-alignment-right\" ><div class=\"eltdf-eh-item eltdf-vertical-alignment-top eltdf-horizontal-alignment-right\" data-item-class=\"eltdf-eh-custom-956761\" >\n\t<div class=\"eltdf-eh-item-inner\" >\n\t\t<div class=\"eltdf-eh-item-content eltdf-eh-custom-956761\" >\n\t\t\t[vc_single_image image=\u00a0\u00bb21907&Prime; img_size=\u00a0\u00bbfull\u00a0\u00bb alignment=\u00a0\u00bbright\u00a0\u00bb onclick=\u00a0\u00bbcustom_link\u00a0\u00bb link=\u00a0\u00bbhttps:\/\/magicsparkling.es\/cocktail\/\u00a0\u00bb]\t\t<\/div>\n\t<\/div>\n\t<\/div><\/div>[\/vc_column][vc_column width=\u00a0\u00bb1\/3&Prime; css=\u00a0\u00bb.vc_custom_1682419629471{margin-right: 15% !important;}\u00a0\u00bb el_class=\u00a0\u00bbtitulos\u00a0\u00bb offset=\u00a0\u00bbvc_hidden-md vc_hidden-sm vc_hidden-xs\u00a0\u00bb]<div class=\"eltdf-elements-holder eltdf-responsive-mode-768 eltdf-one-column-alignment-left\" ><div class=\"eltdf-eh-item eltdf-vertical-alignment-bottom\" data-item-class=\"eltdf-eh-custom-573801\" >\n\t<div class=\"eltdf-eh-item-inner\" >\n\t\t<div class=\"eltdf-eh-item-content eltdf-eh-custom-573801\" >\n\t\t\t[vc_empty_space height=\u00a0\u00bb200px\u00a0\u00bb]<div class=\"eltdf-section-title-holder\" style=\"text-align: left\">\n\t\t\t<h1 class=\"eltdf-st-title\" style=\"color: #2c2f74\">\n\t\t\t<span>COCKTAIL<\/span>\n\t\t<\/h1>\n        \t\t\t<\/div>[vc_column_text]4 couleurs audacieuses qui donneront des possibilit\u00e9s infinies \u00e0 vos cocktails.<\/p>\n<p>D\u00e9couvrez-en davantage en cliquant sur les bouteilles.[\/vc_column_text]\t\t<\/div>\n\t<\/div>\n\t<\/div><\/div>[\/vc_column][\/vc_row][vc_row][vc_column offset=\u00a0\u00bbvc_hidden-md vc_hidden-sm vc_hidden-xs\u00a0\u00bb]<div class=\"eltdf-elements-holder eltdf-responsive-mode-768\" ><div class=\"eltdf-eh-item \" data-item-class=\"eltdf-eh-custom-308341\" >\n\t<div class=\"eltdf-eh-item-inner\" >\n\t\t<div class=\"eltdf-eh-item-content eltdf-eh-custom-308341\" >\n\t\t\t[vc_empty_space height=\u00a0\u00bb50px\u00a0\u00bb]\t\t<\/div>\n\t<\/div>\n\t<\/div><\/div>[\/vc_column][\/vc_row][vc_row][vc_column width=\u00a0\u00bb1\/4&Prime; offset=\u00a0\u00bbvc_hidden-md vc_hidden-sm vc_hidden-xs\u00a0\u00bb css=\u00a0\u00bb.vc_custom_1691581998751{margin-right: 15% !important;margin-left: 10% !important;}\u00a0\u00bb el_class=\u00a0\u00bbtitulos\u00a0\u00bb]<div class=\"eltdf-elements-holder eltdf-responsive-mode-768 eltdf-one-column-alignment-right\" ><div class=\"eltdf-eh-item eltdf-vertical-alignment-top eltdf-horizontal-alignment-right\" data-item-class=\"eltdf-eh-custom-734094\" >\n\t<div class=\"eltdf-eh-item-inner\" >\n\t\t<div class=\"eltdf-eh-item-content eltdf-eh-custom-734094\" >\n\t\t\t[vc_empty_space height=\u00a0\u00bb300px\u00a0\u00bb]<div class=\"eltdf-section-title-holder\" style=\"text-align: left\">\n\t\t\t<h1 class=\"eltdf-st-title\" style=\"color: #2c2f74\">\n\t\t\t<span>KIDS<\/span>\n\t\t<\/h1>\n        \t\t\t<\/div>[vc_column_text]La boisson rafra\u00eechissante et p\u00e9tillante indispensable \u00e0 toute f\u00eate pour enfants.<\/p>\n<p>D\u00e9couvrez-en davantage en cliquant sur la bouteille.[\/vc_column_text]\t\t<\/div>\n\t<\/div>\n\t<\/div><\/div>[\/vc_column][vc_column width=\u00a0\u00bb3\/4&Prime; css=\u00a0\u00bb.vc_custom_1691582013343{margin-left: 1% !important;}\u00a0\u00bb el_class=\u00a0\u00bbtitulos\u00a0\u00bb offset=\u00a0\u00bbvc_hidden-md vc_hidden-sm vc_hidden-xs\u00a0\u00bb]<div class=\"eltdf-elements-holder eltdf-responsive-mode-768 eltdf-one-column-alignment-left\" ><div class=\"eltdf-eh-item eltdf-vertical-alignment-bottom\" data-item-class=\"eltdf-eh-custom-313413\" >\n\t<div class=\"eltdf-eh-item-inner\" >\n\t\t<div class=\"eltdf-eh-item-content eltdf-eh-custom-313413\" >\n\t\t\t[vc_single_image image=\u00a0\u00bb21812&Prime; img_size=\u00a0\u00bbfull\u00a0\u00bb alignment=\u00a0\u00bbright\u00a0\u00bb onclick=\u00a0\u00bbcustom_link\u00a0\u00bb link=\u00a0\u00bbhttps:\/\/magicsparkling.es\/kids\/\u00a0\u00bb]\t\t<\/div>\n\t<\/div>\n\t<\/div><\/div>[\/vc_column][\/vc_row][vc_row css=\u00a0\u00bb.vc_custom_1676984057163{margin-right: 2% !important;margin-left: 2% !important;}\u00a0\u00bb][vc_column offset=\u00a0\u00bbvc_hidden-lg\u00a0\u00bb css=\u00a0\u00bb.vc_custom_1682419671134{margin-right: 2% !important;margin-left: 2% !important;}\u00a0\u00bb el_class=\u00a0\u00bbtitulo2&Prime;]<div class=\"eltdf-elements-holder eltdf-responsive-mode-768\" ><div class=\"eltdf-eh-item \" data-item-class=\"eltdf-eh-custom-579946\" >\n\t<div class=\"eltdf-eh-item-inner\" >\n\t\t<div class=\"eltdf-eh-item-content eltdf-eh-custom-579946\" >\n\t\t\t<div class=\"eltdf-section-title-holder\" >\n\t\t\t<h2 class=\"eltdf-st-title\" style=\"color: #2c2f74\">\n\t\t\t<span>FRUITS<\/span>\n\t\t<\/h2>\n        \t\t\t<\/div>[vc_column_text]La saveur d&rsquo;un fruit avec 8 versions gourmandes et p\u00e9tillantes diff\u00e9rentes: pomme, raisin blanc, p\u00eache, ananas-coco, multifruit, fraise, oseille et raisin noir.<\/p>\n<p>D\u00e9couvrez-en davantage en cliquant sur les bouteilles.[\/vc_column_text]\t\t<\/div>\n\t<\/div>\n\t<\/div><\/div>[\/vc_column][\/vc_row][vc_row][vc_column offset=\u00a0\u00bbvc_hidden-lg\u00a0\u00bb]<div class=\"eltdf-elements-holder eltdf-responsive-mode-768\" ><div class=\"eltdf-eh-item \" data-item-class=\"eltdf-eh-custom-692742\" >\n\t<div class=\"eltdf-eh-item-inner\" >\n\t\t<div class=\"eltdf-eh-item-content eltdf-eh-custom-692742\" >\n\t\t\t[vc_empty_space height=\u00a0\u00bb20px\u00a0\u00bb][vc_single_image image=\u00a0\u00bb21904&Prime; img_size=\u00a0\u00bbfull\u00a0\u00bb onclick=\u00a0\u00bbcustom_link\u00a0\u00bb link=\u00a0\u00bbhttps:\/\/magicsparkling.es\/frutas\/\u00a0\u00bb][vc_single_image image=\u00a0\u00bb21905&Prime; img_size=\u00a0\u00bbfull\u00a0\u00bb onclick=\u00a0\u00bbcustom_link\u00a0\u00bb link=\u00a0\u00bbhttps:\/\/magicsparkling.es\/frutas\/\u00a0\u00bb]\t\t<\/div>\n\t<\/div>\n\t<\/div><\/div>[\/vc_column][\/vc_row][vc_row css=\u00a0\u00bb.vc_custom_1676984057163{margin-right: 2% !important;margin-left: 2% !important;}\u00a0\u00bb][vc_column offset=\u00a0\u00bbvc_hidden-lg\u00a0\u00bb css=\u00a0\u00bb.vc_custom_1682419688013{margin-right: 2% !important;margin-left: 2% !important;}\u00a0\u00bb el_class=\u00a0\u00bbtitulo2&Prime;]<div class=\"eltdf-elements-holder eltdf-responsive-mode-768\" ><div class=\"eltdf-eh-item \" data-item-class=\"eltdf-eh-custom-210619\" >\n\t<div class=\"eltdf-eh-item-inner\" >\n\t\t<div class=\"eltdf-eh-item-content eltdf-eh-custom-210619\" >\n\t\t\t[vc_empty_space height=\u00a0\u00bb20px\u00a0\u00bb]<div class=\"eltdf-section-title-holder\" >\n\t\t\t<h2 class=\"eltdf-st-title\" style=\"color: #2c2f74\">\n\t\t\t<span>COCKTAIL<\/span>\n\t\t<\/h2>\n        \t\t\t<\/div>[vc_column_text]4 couleurs audacieuses qui donneront des possibilit\u00e9s infinies \u00e0 vos cocktails.<\/p>\n<p>D\u00e9couvrez-en davantage en cliquant sur les bouteilles.[\/vc_column_text]\t\t<\/div>\n\t<\/div>\n\t<\/div><\/div>[\/vc_column][\/vc_row][vc_row][vc_column offset=\u00a0\u00bbvc_hidden-lg\u00a0\u00bb]<div class=\"eltdf-elements-holder eltdf-responsive-mode-768\" ><div class=\"eltdf-eh-item \" data-item-class=\"eltdf-eh-custom-174016\" >\n\t<div class=\"eltdf-eh-item-inner\" >\n\t\t<div class=\"eltdf-eh-item-content eltdf-eh-custom-174016\" >\n\t\t\t[vc_empty_space height=\u00a0\u00bb20px\u00a0\u00bb][vc_single_image image=\u00a0\u00bb21907&Prime; img_size=\u00a0\u00bbfull\u00a0\u00bb onclick=\u00a0\u00bbcustom_link\u00a0\u00bb link=\u00a0\u00bbhttps:\/\/magicsparkling.es\/cocktail\/\u00a0\u00bb]\t\t<\/div>\n\t<\/div>\n\t<\/div><\/div>[\/vc_column][\/vc_row][vc_row css=\u00a0\u00bb.vc_custom_1676984057163{margin-right: 2% !important;margin-left: 2% !important;}\u00a0\u00bb][vc_column offset=\u00a0\u00bbvc_hidden-lg\u00a0\u00bb css=\u00a0\u00bb.vc_custom_1682419698377{margin-right: 2% !important;margin-left: 2% !important;}\u00a0\u00bb el_class=\u00a0\u00bbtitulo2&Prime;]<div class=\"eltdf-elements-holder eltdf-responsive-mode-768\" ><div class=\"eltdf-eh-item \" data-item-class=\"eltdf-eh-custom-864817\" >\n\t<div class=\"eltdf-eh-item-inner\" >\n\t\t<div class=\"eltdf-eh-item-content eltdf-eh-custom-864817\" >\n\t\t\t[vc_empty_space height=\u00a0\u00bb20px\u00a0\u00bb]<div class=\"eltdf-section-title-holder\" >\n\t\t\t<h2 class=\"eltdf-st-title\" style=\"color: #2c2f74\">\n\t\t\t<span>KIDS<\/span>\n\t\t<\/h2>\n        \t\t\t<\/div>[vc_column_text]La boisson rafra\u00eechissante et p\u00e9tillante indispensable \u00e0 toute f\u00eate pour enfants.<\/p>\n<p>D\u00e9couvrez-en davantage en cliquant sur la bouteille.[\/vc_column_text]\t\t<\/div>\n\t<\/div>\n\t<\/div><\/div>[\/vc_column][\/vc_row][vc_row][vc_column offset=\u00a0\u00bbvc_hidden-lg\u00a0\u00bb]<div class=\"eltdf-elements-holder eltdf-responsive-mode-768\" ><div class=\"eltdf-eh-item \" data-item-class=\"eltdf-eh-custom-659885\" >\n\t<div class=\"eltdf-eh-item-inner\" >\n\t\t<div class=\"eltdf-eh-item-content eltdf-eh-custom-659885\" >\n\t\t\t[vc_empty_space height=\u00a0\u00bb20px\u00a0\u00bb][vc_single_image image=\u00a0\u00bb21445&Prime; img_size=\u00a0\u00bbfull\u00a0\u00bb onclick=\u00a0\u00bbcustom_link\u00a0\u00bb link=\u00a0\u00bbhttps:\/\/magicsparkling.es\/kids\/\u00a0\u00bb]\t\t<\/div>\n\t<\/div>\n\t<\/div><\/div>[\/vc_column][\/vc_row]<\/p>\n<\/section>","protected":false},"excerpt":{"rendered":"<p>[vc_row][vc_column offset=\u00a0\u00bbvc_hidden-md vc_hidden-sm vc_hidden-xs\u00a0\u00bb][\/vc_column][\/vc_row][vc_row][vc_column offset=\u00a0\u00bbvc_hidden-lg\u00a0\u00bb][\/vc_column][\/vc_row][vc_row][vc_column width=\u00a0\u00bb1\/4&Prime; el_class=\u00a0\u00bbtitulos\u00a0\u00bb offset=\u00a0\u00bbvc_hidden-md vc_hidden-sm vc_hidden-xs\u00a0\u00bb css=\u00a0\u00bb.vc_custom_1682596069853{margin-left: 22% !important;}\u00a0\u00bb][\/vc_column][vc_column width=\u00a0\u00bb3\/4&Prime; css=\u00a0\u00bb.vc_custom_1682596078002{margin-right: 2% !important;}\u00a0\u00bb el_class=\u00a0\u00bbtitulos\u00a0\u00bb offset=\u00a0\u00bbvc_hidden-md vc_hidden-sm vc_hidden-xs\u00a0\u00bb][\/vc_column][\/vc_row][vc_row][vc_column offset=\u00a0\u00bbvc_hidden-md vc_hidden-sm vc_hidden-xs\u00a0\u00bb][\/vc_column][\/vc_row][vc_row][vc_column offset=\u00a0\u00bbvc_hidden-md vc_hidden-sm vc_hidden-xs\u00a0\u00bb][vc_empty_space height=\u00a0\u00bb50px\u00a0\u00bb][\/vc_column][\/vc_row][vc_row][vc_column width=\u00a0\u00bb2\/3&Prime; offset=\u00a0\u00bbvc_hidden-md vc_hidden-sm vc_hidden-xs\u00a0\u00bb][\/vc_column][vc_column width=\u00a0\u00bb1\/3&Prime; css=\u00a0\u00bb.vc_custom_1682419629471{margin-right: 15% !important;}\u00a0\u00bb el_class=\u00a0\u00bbtitulos\u00a0\u00bb offset=\u00a0\u00bbvc_hidden-md vc_hidden-sm vc_hidden-xs\u00a0\u00bb][\/vc_column][\/vc_row][vc_row][vc_column offset=\u00a0\u00bbvc_hidden-md vc_hidden-sm vc_hidden-xs\u00a0\u00bb][\/vc_column][\/vc_row][vc_row][vc_column width=\u00a0\u00bb1\/4&Prime; offset=\u00a0\u00bbvc_hidden-md [&hellip;]<\/p>\n","protected":false},"author":1,"featured_media":0,"parent":0,"menu_order":0,"comment_status":"closed","ping_status":"closed","template":"full-width.php","meta":{"footnotes":""},"class_list":["post-21410","page","type-page","status-publish","hentry"],"_links":{"self":[{"href":"https:\/\/magicsparkling.es\/fr\/wp-json\/wp\/v2\/pages\/21410","targetHints":{"allow":["GET"]}}],"collection":[{"href":"https:\/\/magicsparkling.es\/fr\/wp-json\/wp\/v2\/pages"}],"about":[{"href":"https:\/\/magicsparkling.es\/fr\/wp-json\/wp\/v2\/types\/page"}],"author":[{"embeddable":true,"href":"https:\/\/magicsparkling.es\/fr\/wp-json\/wp\/v2\/users\/1"}],"replies":[{"embeddable":true,"href":"https:\/\/magicsparkling.es\/fr\/wp-json\/wp\/v2\/comments?post=21410"}],"version-history":[{"count":102,"href":"https:\/\/magicsparkling.es\/fr\/wp-json\/wp\/v2\/pages\/21410\/revisions"}],"predecessor-version":[{"id":21942,"href":"https:\/\/magicsparkling.es\/fr\/wp-json\/wp\/v2\/pages\/21410\/revisions\/21942"}],"wp:attachment":[{"href":"https:\/\/magicsparkling.es\/fr\/wp-json\/wp\/v2\/media?parent=21410"}],"curies":[{"name":"wp","href":"https:\/\/api.w.org\/{rel}","templated":true}]}}