{"id":21834,"date":"2023-05-29T07:49:21","date_gmt":"2023-05-29T07:49:21","guid":{"rendered":"https:\/\/magicsparkling.es\/?page_id=21834"},"modified":"2023-05-29T07:50:34","modified_gmt":"2023-05-29T07:50:34","slug":"kids","status":"publish","type":"page","link":"https:\/\/magicsparkling.es\/fr\/kids\/","title":{"rendered":"KIDS"},"content":{"rendered":"<section class=\"wpb-content-wrapper\"><p>[vc_row][vc_column offset=\u00a0\u00bbvc_hidden-md vc_hidden-sm vc_hidden-xs\u00a0\u00bb]<div class=\"eltdf-elements-holder eltdf-responsive-mode-768\" ><div class=\"eltdf-eh-item \" data-item-class=\"eltdf-eh-custom-232343\" >\n\t<div class=\"eltdf-eh-item-inner\" >\n\t\t<div class=\"eltdf-eh-item-content eltdf-eh-custom-232343\" >\n\t\t\t[vc_empty_space height=\u00a0\u00bb50px\u00a0\u00bb]\t\t<\/div>\n\t<\/div>\n\t<\/div><\/div>[\/vc_column][\/vc_row][vc_row][vc_column width=\u00a0\u00bb1\/4&Prime; offset=\u00a0\u00bbvc_hidden-md vc_hidden-sm vc_hidden-xs\u00a0\u00bb css=\u00a0\u00bb.vc_custom_1682606775164{margin-left: 22% !important;}\u00a0\u00bb]<div class=\"eltdf-elements-holder eltdf-responsive-mode-768 eltdf-one-column-alignment-right\" ><div class=\"eltdf-eh-item eltdf-vertical-alignment-top\" data-item-class=\"eltdf-eh-custom-339626\" >\n\t<div class=\"eltdf-eh-item-inner\" >\n\t\t<div class=\"eltdf-eh-item-content eltdf-eh-custom-339626\" >\n\t\t\t[vc_empty_space height=\u00a0\u00bb300px\u00a0\u00bb]<div class=\"eltdf-section-title-holder\" style=\"text-align: left\">\n\t\t\t<h1 class=\"eltdf-st-title\" style=\"color: #2c2f74\">\n\t\t\t<span>KIDS<\/span>\n\t\t<\/h1>\n        \t\t\t<\/div>[vc_column_text]<\/p>\n<p style=\"text-align: left;\">La boisson rafra\u00eechissante et p\u00e9tillante<br \/>\nindispensable \u00e0 toute f\u00eate pour enfants.<br \/>\nBouteille de 75 cl.<\/p>\n<p>[\/vc_column_text]\t\t<\/div>\n\t<\/div>\n\t<\/div><\/div>[\/vc_column][vc_column width=\u00a0\u00bb3\/4&Prime; css=\u00a0\u00bb.vc_custom_1682419892417{margin-right: 15% !important;}\u00a0\u00bb el_class=\u00a0\u00bbtitulos\u00a0\u00bb offset=\u00a0\u00bbvc_hidden-md vc_hidden-sm vc_hidden-xs\u00a0\u00bb]<div class=\"eltdf-elements-holder eltdf-responsive-mode-768 eltdf-one-column-alignment-left\" ><div class=\"eltdf-eh-item eltdf-vertical-alignment-bottom\" data-item-class=\"eltdf-eh-custom-785354\" >\n\t<div class=\"eltdf-eh-item-inner\" >\n\t\t<div class=\"eltdf-eh-item-content eltdf-eh-custom-785354\" >\n\t\t\t[vc_single_image image=\u00a0\u00bb21812&Prime; img_size=\u00a0\u00bbfull\u00a0\u00bb alignment=\u00a0\u00bbright\u00a0\u00bb]\t\t<\/div>\n\t<\/div>\n\t<\/div><\/div>[\/vc_column][\/vc_row][vc_row css=\u00a0\u00bb.vc_custom_1676984057163{margin-right: 2% !important;margin-left: 2% !important;}\u00a0\u00bb][vc_column offset=\u00a0\u00bbvc_hidden-lg\u00a0\u00bb css=\u00a0\u00bb.vc_custom_1682419953041{margin-right: 2% !important;margin-left: 2% !important;}\u00a0\u00bb el_class=\u00a0\u00bbtitulo2&Prime;]<div class=\"eltdf-elements-holder eltdf-responsive-mode-768\" ><div class=\"eltdf-eh-item \" data-item-class=\"eltdf-eh-custom-102955\" >\n\t<div class=\"eltdf-eh-item-inner\" >\n\t\t<div class=\"eltdf-eh-item-content eltdf-eh-custom-102955\" >\n\t\t\t[vc_empty_space height=\u00a0\u00bb20px\u00a0\u00bb]<div class=\"eltdf-section-title-holder\" >\n\t\t\t<h2 class=\"eltdf-st-title\" style=\"color: #2c2f74\">\n\t\t\t<span>KIDS<\/span>\n\t\t<\/h2>\n        \t\t\t<\/div>[vc_column_text]La boisson rafra\u00eechissante et p\u00e9tillante indispensable \u00e0 toute f\u00eate pour enfants.<br \/>\nBouteille de 75 cl.[\/vc_column_text]\t\t<\/div>\n\t<\/div>\n\t<\/div><\/div>[\/vc_column][\/vc_row][vc_row][vc_column offset=\u00a0\u00bbvc_hidden-lg\u00a0\u00bb]<div class=\"eltdf-elements-holder eltdf-responsive-mode-768\" ><div class=\"eltdf-eh-item \" data-item-class=\"eltdf-eh-custom-594398\" >\n\t<div class=\"eltdf-eh-item-inner\" >\n\t\t<div class=\"eltdf-eh-item-content eltdf-eh-custom-594398\" >\n\t\t\t[vc_empty_space height=\u00a0\u00bb20px\u00a0\u00bb][vc_single_image image=\u00a0\u00bb21445&Prime; img_size=\u00a0\u00bbfull\u00a0\u00bb]\t\t<\/div>\n\t<\/div>\n\t<\/div><\/div>[\/vc_column][\/vc_row]<\/p>\n<\/section>","protected":false},"excerpt":{"rendered":"<p>[vc_row][vc_column offset=\u00a0\u00bbvc_hidden-md vc_hidden-sm vc_hidden-xs\u00a0\u00bb][\/vc_column][\/vc_row][vc_row][vc_column width=\u00a0\u00bb1\/4&Prime; offset=\u00a0\u00bbvc_hidden-md vc_hidden-sm vc_hidden-xs\u00a0\u00bb css=\u00a0\u00bb.vc_custom_1682606775164{margin-left: 22% !important;}\u00a0\u00bb][\/vc_column][vc_column width=\u00a0\u00bb3\/4&Prime; css=\u00a0\u00bb.vc_custom_1682419892417{margin-right: 15% !important;}\u00a0\u00bb el_class=\u00a0\u00bbtitulos\u00a0\u00bb offset=\u00a0\u00bbvc_hidden-md vc_hidden-sm vc_hidden-xs\u00a0\u00bb][\/vc_column][\/vc_row][vc_row css=\u00a0\u00bb.vc_custom_1676984057163{margin-right: 2% !important;margin-left: 2% !important;}\u00a0\u00bb][vc_column offset=\u00a0\u00bbvc_hidden-lg\u00a0\u00bb css=\u00a0\u00bb.vc_custom_1682419953041{margin-right: 2% !important;margin-left: 2% !important;}\u00a0\u00bb el_class=\u00a0\u00bbtitulo2&Prime;][\/vc_column][\/vc_row][vc_row][vc_column offset=\u00a0\u00bbvc_hidden-lg\u00a0\u00bb][\/vc_column][\/vc_row]<\/p>\n","protected":false},"author":1,"featured_media":0,"parent":0,"menu_order":0,"comment_status":"closed","ping_status":"closed","template":"full-width.php","meta":{"footnotes":""},"class_list":["post-21834","page","type-page","status-publish","hentry"],"_links":{"self":[{"href":"https:\/\/magicsparkling.es\/fr\/wp-json\/wp\/v2\/pages\/21834","targetHints":{"allow":["GET"]}}],"collection":[{"href":"https:\/\/magicsparkling.es\/fr\/wp-json\/wp\/v2\/pages"}],"about":[{"href":"https:\/\/magicsparkling.es\/fr\/wp-json\/wp\/v2\/types\/page"}],"author":[{"embeddable":true,"href":"https:\/\/magicsparkling.es\/fr\/wp-json\/wp\/v2\/users\/1"}],"replies":[{"embeddable":true,"href":"https:\/\/magicsparkling.es\/fr\/wp-json\/wp\/v2\/comments?post=21834"}],"version-history":[{"count":1,"href":"https:\/\/magicsparkling.es\/fr\/wp-json\/wp\/v2\/pages\/21834\/revisions"}],"predecessor-version":[{"id":21835,"href":"https:\/\/magicsparkling.es\/fr\/wp-json\/wp\/v2\/pages\/21834\/revisions\/21835"}],"wp:attachment":[{"href":"https:\/\/magicsparkling.es\/fr\/wp-json\/wp\/v2\/media?parent=21834"}],"curies":[{"name":"wp","href":"https:\/\/api.w.org\/{rel}","templated":true}]}}